{"id":15,"date":"2026-01-04T06:36:53","date_gmt":"2026-01-04T06:36:53","guid":{"rendered":"https:\/\/wp.moulin-garreau.fr\/?page_id=15"},"modified":"2026-03-10T22:02:40","modified_gmt":"2026-03-10T22:02:40","slug":"etude-historique","status":"publish","type":"page","link":"https:\/\/wp.moulin-garreau.fr\/index.php\/etude-historique\/","title":{"rendered":"Etude historique"},"content":{"rendered":"\n<h2 class=\"wp-block-heading\">Carte de Cassini dress\u00e9e en 1763<\/h2>\n\n\n\n<p>On ne sait rien du Moulin Garreau si ce n\u2019est qu\u2019il figure sur la carte de Cassini dress\u00e9e en 1763 pour l\u2019Anjou. Sa datation ne peut donc actuellement se fonder que sur l\u2019analyse architecturale et stylistique de l\u2019\u0153uvre ; la forme de sa chemin\u00e9e et la morphologie unique de son massereau, comme on le verra, nous font pencher pour une construction tr\u00e8s ancienne, faisant de ce moulin un cha\u00eenon important dans l\u2019\u00e9volution architecturale du cavier angevin.<\/p>\n\n\n\n<div class=\"wp-block-buttons is-layout-flex wp-block-buttons-is-layout-flex\">\n<div class=\"wp-block-button\"><a class=\"wp-block-button__link wp-element-button\">Plus d&#8217;info<\/a><\/div>\n<\/div>\n\n\n\n<p><\/p>\n","protected":false},"excerpt":{"rendered":"<p>Carte de Cassini dress\u00e9e en 1763 On ne sait rien du Moulin Garreau si ce n\u2019est qu\u2019il figure sur la carte de Cassini dress\u00e9e en 1763 pour l\u2019Anjou. Sa datation ne peut donc actuellement se fonder que sur l\u2019analyse architecturale et stylistique de l\u2019\u0153uvre ; la forme de sa chemin\u00e9e et la morphologie unique de &hellip; <\/p>\n<p class=\"link-more\"><a href=\"https:\/\/wp.moulin-garreau.fr\/index.php\/etude-historique\/\" class=\"more-link\">Continue reading<span class=\"screen-reader-text\"> &#8220;Etude historique&#8221;<\/span><\/a><\/p>\n","protected":false},"author":1,"featured_media":32,"parent":0,"menu_order":0,"comment_status":"closed","ping_status":"closed","template":"","meta":{"footnotes":""},"class_list":["post-15","page","type-page","status-publish","has-post-thumbnail","hentry"],"_links":{"self":[{"href":"https:\/\/wp.moulin-garreau.fr\/index.php\/wp-json\/wp\/v2\/pages\/15","targetHints":{"allow":["GET"]}}],"collection":[{"href":"https:\/\/wp.moulin-garreau.fr\/index.php\/wp-json\/wp\/v2\/pages"}],"about":[{"href":"https:\/\/wp.moulin-garreau.fr\/index.php\/wp-json\/wp\/v2\/types\/page"}],"author":[{"embeddable":true,"href":"https:\/\/wp.moulin-garreau.fr\/index.php\/wp-json\/wp\/v2\/users\/1"}],"replies":[{"embeddable":true,"href":"https:\/\/wp.moulin-garreau.fr\/index.php\/wp-json\/wp\/v2\/comments?post=15"}],"version-history":[{"count":4,"href":"https:\/\/wp.moulin-garreau.fr\/index.php\/wp-json\/wp\/v2\/pages\/15\/revisions"}],"predecessor-version":[{"id":73,"href":"https:\/\/wp.moulin-garreau.fr\/index.php\/wp-json\/wp\/v2\/pages\/15\/revisions\/73"}],"wp:featuredmedia":[{"embeddable":true,"href":"https:\/\/wp.moulin-garreau.fr\/index.php\/wp-json\/wp\/v2\/media\/32"}],"wp:attachment":[{"href":"https:\/\/wp.moulin-garreau.fr\/index.php\/wp-json\/wp\/v2\/media?parent=15"}],"curies":[{"name":"wp","href":"https:\/\/api.w.org\/{rel}","templated":true}]}}