{"id":2,"date":"2025-12-06T22:41:44","date_gmt":"2025-12-06T22:41:44","guid":{"rendered":"http:\/\/wp.moulin-garreau.fr\/?page_id=2"},"modified":"2026-03-10T21:59:02","modified_gmt":"2026-03-10T21:59:02","slug":"accueil","status":"publish","type":"page","link":"https:\/\/wp.moulin-garreau.fr\/","title":{"rendered":"Pour la restauration et la valorisation du Moulin Garreau"},"content":{"rendered":"\n\n\n\n\n<p>A la limite des communes de Louerre et de Gennes en Anjou, se dresse, en pleine campagne, un moulin oubli\u00e9 par les hommes et reconquis par la nature. Il aura fallu la passion d&#8221;un homme, Roger Lauriou, qui acheta ce moulin en 2008, et la volont\u00e9 de l&#8221;association Moulin Vivant, \u00e0 qui il confia ce moulin avant de d\u00e9c\u00e9der en mars 2010, pour que naisse le projet de redonner vie \u00e0 ce vestige patrimonial qui deviendra un t\u00e9moin du pass\u00e9 tourn\u00e9 vers l&#8217;avenir&#8230;<\/p>\n\n\n\n<p>Ainsi, ce moulin, qui produisait autrefois de la farine, retrouvera sa cabine et ses ailes pour, cette fois, produire de l&#8221;\u00e9lectricit\u00e9, permettant de subvenir aux besoins de ce site isol\u00e9.<\/p>\n\n\n\n<p>Ce lieu ouvert au public constituera un centre d&#8221;interp\u00e9tation sur le patrimoine-moulin et tout particuli\u00e8rement sur les moulins-cavier d&#8221;Anjou, mais \u00e9galement un espace de d\u00e9couverte de l&#8221;\u00e9nergie \u00e9olienne et du d\u00e9veloppement durable en g\u00e9n\u00e9ral.<\/p>\n\n\n\n<p>&#8220;L&#8221;\u00e9nergie de demain produite par le patrimoine d&#8221;hier&#8221;.<\/p>\n\n\n\n<p><\/p>\n\n\n\n<figure class=\"wp-block-table is-style-stripes\"><table class=\"has-white-background-color has-background has-fixed-layout\" style=\"border-style:none;border-width:0px\"><tbody><tr><td>L\u2019Association \u00ab <strong>Moulin Vivant<\/strong> \u00bb<\/td><td><img loading=\"lazy\" decoding=\"async\" width=\"150\" height=\"69\" class=\"wp-image-35\" style=\"width: 150px;\" src=\"http:\/\/wp.moulin-garreau.fr\/wp-content\/uploads\/2026\/01\/logo_moulin_vivant.jpg\" alt=\"\"><\/td><\/tr><tr><td><strong>Fondation du Patrimoine<\/strong><\/td><td><img loading=\"lazy\" decoding=\"async\" width=\"150\" height=\"141\" class=\"wp-image-37\" style=\"width: 150px;\" src=\"http:\/\/wp.moulin-garreau.fr\/wp-content\/uploads\/2026\/01\/fondation-patrimoine.jpg\" alt=\"\"><\/td><\/tr><\/tbody><\/table><\/figure>\n","protected":false},"excerpt":{"rendered":"<p>A la limite des communes de Louerre et de Gennes en Anjou, se dresse, en pleine campagne, un moulin oubli\u00e9 par les hommes et reconquis par la nature. Il aura fallu la passion d&#8221;un homme, Roger Lauriou, qui acheta ce moulin en 2008, et la volont\u00e9 de l&#8221;association Moulin Vivant, \u00e0 qui il confia ce &hellip; <\/p>\n<p class=\"link-more\"><a href=\"https:\/\/wp.moulin-garreau.fr\/\" class=\"more-link\">Continue reading<span class=\"screen-reader-text\"> &#8220;Pour la restauration et la valorisation du Moulin Garreau&#8221;<\/span><\/a><\/p>\n","protected":false},"author":1,"featured_media":56,"parent":0,"menu_order":0,"comment_status":"closed","ping_status":"open","template":"","meta":{"footnotes":""},"class_list":["post-2","page","type-page","status-publish","has-post-thumbnail","hentry"],"_links":{"self":[{"href":"https:\/\/wp.moulin-garreau.fr\/index.php\/wp-json\/wp\/v2\/pages\/2","targetHints":{"allow":["GET"]}}],"collection":[{"href":"https:\/\/wp.moulin-garreau.fr\/index.php\/wp-json\/wp\/v2\/pages"}],"about":[{"href":"https:\/\/wp.moulin-garreau.fr\/index.php\/wp-json\/wp\/v2\/types\/page"}],"author":[{"embeddable":true,"href":"https:\/\/wp.moulin-garreau.fr\/index.php\/wp-json\/wp\/v2\/users\/1"}],"replies":[{"embeddable":true,"href":"https:\/\/wp.moulin-garreau.fr\/index.php\/wp-json\/wp\/v2\/comments?post=2"}],"version-history":[{"count":20,"href":"https:\/\/wp.moulin-garreau.fr\/index.php\/wp-json\/wp\/v2\/pages\/2\/revisions"}],"predecessor-version":[{"id":67,"href":"https:\/\/wp.moulin-garreau.fr\/index.php\/wp-json\/wp\/v2\/pages\/2\/revisions\/67"}],"wp:featuredmedia":[{"embeddable":true,"href":"https:\/\/wp.moulin-garreau.fr\/index.php\/wp-json\/wp\/v2\/media\/56"}],"wp:attachment":[{"href":"https:\/\/wp.moulin-garreau.fr\/index.php\/wp-json\/wp\/v2\/media?parent=2"}],"curies":[{"name":"wp","href":"https:\/\/api.w.org\/{rel}","templated":true}]}}