{"id":22,"date":"2026-01-04T06:40:04","date_gmt":"2026-01-04T06:40:04","guid":{"rendered":"https:\/\/wp.moulin-garreau.fr\/?page_id=22"},"modified":"2026-03-10T22:08:31","modified_gmt":"2026-03-10T22:08:31","slug":"le-projet","status":"publish","type":"page","link":"https:\/\/wp.moulin-garreau.fr\/index.php\/le-projet\/","title":{"rendered":"Le Projet"},"content":{"rendered":"\n<h2 class=\"wp-block-heading\" id=\"n2-ss-2item11\">D\u00e9finition du projet<\/h2>\n\n\n\n<p>L\u2019objectif du projet est de restaurer ce moulin de la fin du 15e si\u00e8cle en l\u2019orientant sur une production d\u2019\u00e9lectricit\u00e9 pour assurer l\u2019autonomie \u00e9nerg\u00e9tique du site.<\/p>\n\n\n\n<p>La destination du projet est d\u2019en faire un lieu d\u2019\u00e9changes et de d\u00e9couvertes sur les \u00e9nergies renouvelables et le d\u00e9veloppement durable. Cette valorisation passera par une ouverture r\u00e9guli\u00e8re au public et par la mise en place d\u2019ateliers p\u00e9dagogiques sur le th\u00e8me du vent et des \u00e9nergies renouvelables.<\/p>\n","protected":false},"excerpt":{"rendered":"<p>D\u00e9finition du projet L\u2019objectif du projet est de restaurer ce moulin de la fin du 15e si\u00e8cle en l\u2019orientant sur une production d\u2019\u00e9lectricit\u00e9 pour assurer l\u2019autonomie \u00e9nerg\u00e9tique du site. La destination du projet est d\u2019en faire un lieu d\u2019\u00e9changes et de d\u00e9couvertes sur les \u00e9nergies renouvelables et le d\u00e9veloppement durable. Cette valorisation passera par une &hellip; <\/p>\n<p class=\"link-more\"><a href=\"https:\/\/wp.moulin-garreau.fr\/index.php\/le-projet\/\" class=\"more-link\">Continue reading<span class=\"screen-reader-text\"> &#8220;Le Projet&#8221;<\/span><\/a><\/p>\n","protected":false},"author":1,"featured_media":60,"parent":0,"menu_order":0,"comment_status":"closed","ping_status":"closed","template":"","meta":{"footnotes":""},"class_list":["post-22","page","type-page","status-publish","has-post-thumbnail","hentry"],"_links":{"self":[{"href":"https:\/\/wp.moulin-garreau.fr\/index.php\/wp-json\/wp\/v2\/pages\/22","targetHints":{"allow":["GET"]}}],"collection":[{"href":"https:\/\/wp.moulin-garreau.fr\/index.php\/wp-json\/wp\/v2\/pages"}],"about":[{"href":"https:\/\/wp.moulin-garreau.fr\/index.php\/wp-json\/wp\/v2\/types\/page"}],"author":[{"embeddable":true,"href":"https:\/\/wp.moulin-garreau.fr\/index.php\/wp-json\/wp\/v2\/users\/1"}],"replies":[{"embeddable":true,"href":"https:\/\/wp.moulin-garreau.fr\/index.php\/wp-json\/wp\/v2\/comments?post=22"}],"version-history":[{"count":4,"href":"https:\/\/wp.moulin-garreau.fr\/index.php\/wp-json\/wp\/v2\/pages\/22\/revisions"}],"predecessor-version":[{"id":76,"href":"https:\/\/wp.moulin-garreau.fr\/index.php\/wp-json\/wp\/v2\/pages\/22\/revisions\/76"}],"wp:featuredmedia":[{"embeddable":true,"href":"https:\/\/wp.moulin-garreau.fr\/index.php\/wp-json\/wp\/v2\/media\/60"}],"wp:attachment":[{"href":"https:\/\/wp.moulin-garreau.fr\/index.php\/wp-json\/wp\/v2\/media?parent=22"}],"curies":[{"name":"wp","href":"https:\/\/api.w.org\/{rel}","templated":true}]}}